{"id":1629,"date":"2020-07-30T13:36:14","date_gmt":"2020-07-30T10:36:14","guid":{"rendered":"https:\/\/hotel-elena.gr\/testimonials\/"},"modified":"2020-07-31T09:21:43","modified_gmt":"2020-07-31T06:21:43","slug":"testimonials","status":"publish","type":"page","link":"https:\/\/hotel-elena.gr\/en\/testimonials\/","title":{"rendered":"TESTIMONIALS"},"content":{"rendered":"<p>[vc_row full_width=&#8221;stretch_row&#8221; content_placement=&#8221;middle&#8221; parallax_image=&#8221;1535&#8243; overlay_color=&#8221;rgba(38,38,38,0.68)&#8221;][vc_column][vc_empty_space height=&#8221;250px&#8221;]<div class=\"text-center page-header id_169ea4b8ed6ab3376219586 animate-text \"><div style=\"color: #ffffff\"><\/p>\n<h2>TESTIMONIALS<\/h2>\n<p><\/div><\/div><div class=\"custom-styles\" data-styles=\".id_169ea4b8ed6ab3376219586 .post-meta li a, .id_169ea4b8ed6ab3376219586 .post-meta { color: #ffffff } .id_169ea4b8ed6ab3376219586 .link-hover:after {background:#ffffff}\"><\/div>[vc_empty_space height=&#8221;200&#8243;][\/vc_column][\/vc_row][vc_row][vc_column][vc_empty_space][vc_custom_heading text=&#8221;TESTIMONIALS&#8221; font_container=&#8221;tag:h2|text_align:center&#8221; google_fonts=&#8221;font_family:Open%20Sans%3A300%2C300italic%2Cregular%2Citalic%2C600%2C600italic%2C700%2C700italic%2C800%2C800italic|font_style:300%20light%20regular%3A300%3Anormal&#8221;][vc_separator style=&#8221;dotted&#8221; border_width=&#8221;2&#8243; el_width=&#8221;40&#8243;][vc_row_inner][vc_column_inner width=&#8221;1\/6&#8243;][\/vc_column_inner][vc_column_inner width=&#8221;2\/3&#8243;][vc_column_text]<\/p>\n<p style=\"text-align: center;\">What our customers say<\/p>\n<p>[\/vc_column_text][\/vc_column_inner][vc_column_inner width=&#8221;1\/6&#8243;][\/vc_column_inner][\/vc_row_inner][\/vc_column][\/vc_row][vc_row overlay_color=&#8221;rgba(0,0,0,0.01)&#8221; css=&#8221;.vc_custom_1485182983803{padding-top: 90px !important;}&#8221;][vc_column width=&#8221;1\/2&#8243;][vc_column_text]<\/p>\n<h3>Top h\u00e9tel \u00e0 Nauplie<\/h3>\n<p>H\u00f4tel tr\u00e8s agr\u00e9able, propre et convivial. Personnel comp\u00e9tent et courtois. Ascenseur pour acc\u00e9der aux chambres. Petit d\u00e9jeuner copieux. Tout proche de la vieille ville et du port. La chambre, selon son emplacement peut \u00eatre bruyante \u00e0 cause de la circulation, et ce malgr\u00e9 l&#8217;isolation phonique, mais c&#8217;est la Gr\u00e8ce si j&#8217;ose dire. C&#8217;est un h\u00f4tel qui serait probablement class\u00e9 4 \u00e9toiles \u00e0 Paris, m\u00eame si son prix reste plus qu&#8217;abordable \u00e0 Nauplie.<\/p>\n<div><strong>Esaminatriceattenta27 \u039c\u03b1\u0390 2019<\/strong><\/div>\n<div>\n<div><\/div>\n<\/div>\n<p>[\/vc_column_text][\/vc_column][vc_column width=&#8221;1\/2&#8243;][vc_column_text]<\/p>\n<h3>Conveniente e centrale<\/h3>\n<p>Abbiamo effettuato a maggio di quest\u2019anno un viaggio di tipo archeologico e da Sparta siamo stati in quella bellissima cittadina che \u00e8 Nafplio.Abbiamo trovato questo albergo casualmente ,abbiamo chiesto una stanza lontano dalla strada principale e ci hanno accontentati.Tutto pulito,bagno piccolo ma pulitissimo quindi lo consiglio.Una notte ,camera matrimoniale 60 euro.<\/p>\n<div><strong>Antreas8989<\/strong><\/div>\n<div><\/div>\n<p>[\/vc_column_text][\/vc_column][\/vc_row][vc_row overlay_color=&#8221;rgba(0,0,0,0.01)&#8221; css=&#8221;.vc_custom_1485182983803{padding-top: 90px !important;}&#8221;][vc_column width=&#8221;1\/2&#8243;][vc_column_text]<\/p>\n<h3><strong>Kamers klein\u00a0\u00a0<\/strong><\/h3>\n<p>Hotel ligt op een mooie afstand tot het oude centrum. Lobby mooi opgeknapt maar de kamer zijn gedateerd en klein. Ontbijt was 8n\u00a0coronatijd\u00a0goed. Parkeren is een probleem. In de straat een plekje zoeken.<\/p>\n<div><strong>JohnP8253\u039f<\/strong><\/div>\n<div>\n<div><\/div>\n<\/div>\n<p>[\/vc_column_text][\/vc_column][vc_column width=&#8221;1\/2&#8243;][vc_column_text]<\/p>\n<h3>Tr\u00e8s bon h\u00f4tel au coeur de Nauplie<\/h3>\n<p>L&#8217;h\u00f4tel est tr\u00e8s bien situ\u00e9 ce qui permet d&#8217;aller ce promener ou se restaurer en ville \u00e0 pieds. L&#8217;accueil est chaleureux, les chambres sont spacieuses simple et propre. La salle de bain comporte une douche . On y trouve un petit balcon.[\/vc_column_text][\/vc_column][\/vc_row][vc_row][vc_column width=&#8221;1\/4&#8243;][\/vc_column][vc_column width=&#8221;1\/2&#8243;][vc_row_inner css=&#8221;.vc_custom_1485182515494{padding-top: 90px !important;padding-bottom: 90px !important;}&#8221;][vc_column_inner]<div class=\"text-center page-header id_169ea4b8ed6df21807117355 animate-text \"><div style=\"color: #333333\"><\/p>\n<h3>Special packages and discounts which are offered only in Elena Hotel.<\/h3>\n<p><\/div><\/div><div class=\"custom-styles\" data-styles=\".id_169ea4b8ed6df21807117355 .post-meta li a, .id_169ea4b8ed6df21807117355 .post-meta { color: #333333 } .id_169ea4b8ed6df21807117355 .link-hover:after {background:#333333}\"><\/div>[\/vc_column_inner][\/vc_row_inner]<div class=\"text-center animate-text\"><a href=\"https:\/\/elenahotel.reserve-online.net\/\"  class=\"btn btn-md btn-border-animate btn-dark   \">\n\t\t\t\t<span class=\"btn-text \">BOOK NOW<span class=\"top button-border\"><\/span>\n\t\t\t\t<span class=\"left left-bottom button-border\"><\/span>\n\t\t\t\t<span class=\"left left-top button-border\"><\/span>\n\t\t\t\t<span class=\"bottom bottom-right button-border\"><\/span>\n\t\t\t\t<span class=\"bottom bottom-left button-border\"><\/span>\n\t\t\t\t<span class=\"right button-border\"><\/span><\/span>\n\t\t\t<\/a><\/div>[\/vc_column][vc_column width=&#8221;1\/4&#8243;][\/vc_column][\/vc_row][vc_row][vc_column][vc_empty_space height=&#8221;50px&#8221;][\/vc_column][\/vc_row]<\/p>\n","protected":false},"excerpt":{"rendered":"<p>[vc_row full_width=&#8221;stretch_row&#8221; content_placement=&#8221;middle&#8221; parallax_image=&#8221;1535&#8243; overlay_color=&#8221;rgba(38,38,38,0.68)&#8221;][vc_column][vc_empty_space height=&#8221;250px&#8221;][vc_empty_space height=&#8221;200&#8243;][\/vc_column][\/vc_row][vc_row][vc_column][vc_empty_space][vc_custom_heading text=&#8221;TESTIMONIALS&#8221; font_container=&#8221;tag:h2|text_align:center&#8221; google_fonts=&#8221;font_family:Open%20Sans%3A300%2C300italic%2Cregular%2Citalic%2C600%2C600italic%2C700%2C700italic%2C800%2C800italic|font_style:300%20light%20regular%3A300%3Anormal&#8221;][vc_separator style=&#8221;dotted&#8221; border_width=&#8221;2&#8243; el_width=&#8221;40&#8243;][vc_row_inner][vc_column_inner width=&#8221;1\/6&#8243;][\/vc_column_inner][vc_column_inner width=&#8221;2\/3&#8243;][vc_column_text] What our customers say [\/vc_column_text][\/vc_column_inner][vc_column_inner width=&#8221;1\/6&#8243;][\/vc_column_inner][\/vc_row_inner][\/vc_column][\/vc_row][vc_row overlay_color=&#8221;rgba(0,0,0,0.01)&#8221; css=&#8221;.vc_custom_1485182983803{padding-top: 90px !important;}&#8221;][vc_column width=&#8221;1\/2&#8243;][vc_column_text] Top h\u00e9tel \u00e0 Nauplie H\u00f4tel tr\u00e8s agr\u00e9able, propre et convivial. Personnel comp\u00e9tent et courtois. Ascenseur pour acc\u00e9der aux chambres. Petit d\u00e9jeuner copieux. Tout proche de la vieille ville et [&hellip;]<\/p>\n","protected":false},"author":1,"featured_media":0,"parent":0,"menu_order":0,"comment_status":"closed","ping_status":"closed","template":"","meta":[],"_links":{"self":[{"href":"https:\/\/hotel-elena.gr\/en\/wp-json\/wp\/v2\/pages\/1629"}],"collection":[{"href":"https:\/\/hotel-elena.gr\/en\/wp-json\/wp\/v2\/pages"}],"about":[{"href":"https:\/\/hotel-elena.gr\/en\/wp-json\/wp\/v2\/types\/page"}],"author":[{"embeddable":true,"href":"https:\/\/hotel-elena.gr\/en\/wp-json\/wp\/v2\/users\/1"}],"replies":[{"embeddable":true,"href":"https:\/\/hotel-elena.gr\/en\/wp-json\/wp\/v2\/comments?post=1629"}],"version-history":[{"count":0,"href":"https:\/\/hotel-elena.gr\/en\/wp-json\/wp\/v2\/pages\/1629\/revisions"}],"wp:attachment":[{"href":"https:\/\/hotel-elena.gr\/en\/wp-json\/wp\/v2\/media?parent=1629"}],"curies":[{"name":"wp","href":"https:\/\/api.w.org\/{rel}","templated":true}]}}